{"id":133,"date":"2016-10-13T23:20:23","date_gmt":"2016-10-13T21:20:23","guid":{"rendered":"http:\/\/www.argenta-elektronik.com\/wp\/?page_id=133"},"modified":"2024-07-03T15:17:58","modified_gmt":"2024-07-03T13:17:58","slug":"service","status":"publish","type":"page","link":"https:\/\/www.argenta-elektronik.com\/wp\/service\/","title":{"rendered":"Service"},"content":{"rendered":"<p>Wie aus L\u00f6sungskompetenz und Kundenn\u00e4he individuelle Systeml\u00f6sungen werden. Argenta entwickelt nicht einfach Systeml\u00f6sungen, sondern individuelle Systeml\u00f6sungen. Entscheidend ist der Grad der Kundenorientierung. Argenta stellt sich 100%ig auf die W\u00fcnsche der Kunden ein. Ziel ist es, eine vertrauensvolle Zusammenarbeit aufzubauen, die jedem Kunden die Gewissheit gibt: Argenta findet stets die optimale Steck- und Kabelverbindung. Der Weg zur ma\u00dfgeschneiderten Systeml\u00f6sung f\u00fchrt \u00fcber die kompetente technische Beratung. Argenta er\u00f6ffnet den Dialog, h\u00f6rt zu und denkt voraus. Ist der Bedarf exakt definiert, sondiert Argenta den Markt und w\u00e4hlt die passenden Komponenten sorgf\u00e4ltig und qualit\u00e4tsbewusst aus. Auf Wunsch runden Kabel-Konfektionierung und Stecker-Assemblierung das Angebot ab. Mit Value Added Services verbindet man bei Argenta aber vor allem das Plus an Kundenn\u00e4he und L\u00f6sungskompetenz \u2013 den Mehrwert jeder Systeml\u00f6sung aus dem Hause Argenta.<\/p>\n","protected":false},"excerpt":{"rendered":"<p>Wie aus L\u00f6sungskompetenz und Kundenn\u00e4he individuelle Systeml\u00f6sungen werden. Argenta entwickelt nicht einfach Systeml\u00f6sungen, sondern individuelle Systeml\u00f6sungen. Entscheidend ist der Grad der Kundenorientierung. Argenta stellt sich 100%ig auf die W\u00fcnsche der Kunden ein. Ziel ist es, eine vertrauensvolle Zusammenarbeit aufzubauen, die jedem Kunden die Gewissheit gibt: Argenta findet stets die optimale Steck- und Kabelverbindung. Der Weg [&hellip;]<\/p>\n","protected":false},"author":1,"featured_media":0,"parent":0,"menu_order":19,"comment_status":"closed","ping_status":"closed","template":"page-service.php","meta":{"footnotes":""},"class_list":["post-133","page","type-page","status-publish","hentry"],"yoast_head":"<!-- This site is optimized with the Yoast SEO plugin v22.7 - https:\/\/yoast.com\/wordpress\/plugins\/seo\/ -->\n<title>Service &#8211; Argenta Elektronik GmbH<\/title>\n<meta name=\"description\" content=\"Wie aus L\u00f6sungskompetenz und Kundenn\u00e4he individuelle Systeml\u00f6sungen werden. Argenta entwickelt nicht einfach Systeml\u00f6sungen, sondern individuelle ...\" \/>\n<meta name=\"robots\" content=\"index, follow, max-snippet:-1, max-image-preview:large, max-video-preview:-1\" \/>\n<link rel=\"canonical\" href=\"https:\/\/www.argenta-elektronik.com\/wp\/service\/\" \/>\n<meta property=\"og:locale\" content=\"de_DE\" \/>\n<meta property=\"og:type\" content=\"article\" \/>\n<meta property=\"og:title\" content=\"Service &#8211; Argenta Elektronik GmbH\" \/>\n<meta property=\"og:description\" content=\"Wie aus L\u00f6sungskompetenz und Kundenn\u00e4he individuelle Systeml\u00f6sungen werden. Argenta entwickelt nicht einfach Systeml\u00f6sungen, sondern individuelle ...\" \/>\n<meta property=\"og:url\" content=\"https:\/\/www.argenta-elektronik.com\/wp\/service\/\" \/>\n<meta property=\"og:site_name\" content=\"Argenta Elektronik GmbH\" \/>\n<meta property=\"article:modified_time\" content=\"2024-07-03T13:17:58+00:00\" \/>\n<meta name=\"twitter:card\" content=\"summary_large_image\" \/>\n<meta name=\"twitter:label1\" content=\"Gesch\u00e4tzte Lesezeit\" \/>\n\t<meta name=\"twitter:data1\" content=\"1\u00a0Minute\" \/>\n<script type=\"application\/ld+json\" class=\"yoast-schema-graph\">{\"@context\":\"https:\/\/schema.org\",\"@graph\":[{\"@type\":\"WebPage\",\"@id\":\"https:\/\/www.argenta-elektronik.com\/wp\/service\/\",\"url\":\"https:\/\/www.argenta-elektronik.com\/wp\/service\/\",\"name\":\"Service &#8211; Argenta Elektronik GmbH\",\"isPartOf\":{\"@id\":\"https:\/\/www.argenta-elektronik.com\/wp\/#website\"},\"datePublished\":\"2016-10-13T21:20:23+00:00\",\"dateModified\":\"2024-07-03T13:17:58+00:00\",\"description\":\"Wie aus L\u00f6sungskompetenz und Kundenn\u00e4he individuelle Systeml\u00f6sungen werden. Argenta entwickelt nicht einfach Systeml\u00f6sungen, sondern individuelle ...\",\"breadcrumb\":{\"@id\":\"https:\/\/www.argenta-elektronik.com\/wp\/service\/#breadcrumb\"},\"inLanguage\":\"de\",\"potentialAction\":[{\"@type\":\"ReadAction\",\"target\":[\"https:\/\/www.argenta-elektronik.com\/wp\/service\/\"]}]},{\"@type\":\"BreadcrumbList\",\"@id\":\"https:\/\/www.argenta-elektronik.com\/wp\/service\/#breadcrumb\",\"itemListElement\":[{\"@type\":\"ListItem\",\"position\":1,\"name\":\"Home\",\"item\":\"https:\/\/www.argenta-elektronik.com\/wp\/\"},{\"@type\":\"ListItem\",\"position\":2,\"name\":\"Service\"}]},{\"@type\":\"WebSite\",\"@id\":\"https:\/\/www.argenta-elektronik.com\/wp\/#website\",\"url\":\"https:\/\/www.argenta-elektronik.com\/wp\/\",\"name\":\"Argenta Elektronik\",\"description\":\"Argenta Elektronik GmbH Solingen - Beste Verbindungen. Steckverbinder. Kabel. Services. L\u00f6sungen.\",\"potentialAction\":[{\"@type\":\"SearchAction\",\"target\":{\"@type\":\"EntryPoint\",\"urlTemplate\":\"https:\/\/www.argenta-elektronik.com\/wp\/?s={search_term_string}\"},\"query-input\":\"required name=search_term_string\"}],\"inLanguage\":\"de\"}]}<\/script>\n<!-- \/ Yoast SEO plugin. -->","yoast_head_json":{"title":"Service &#8211; Argenta Elektronik GmbH","description":"Wie aus L\u00f6sungskompetenz und Kundenn\u00e4he individuelle Systeml\u00f6sungen werden. Argenta entwickelt nicht einfach Systeml\u00f6sungen, sondern individuelle ...","robots":{"index":"index","follow":"follow","max-snippet":"max-snippet:-1","max-image-preview":"max-image-preview:large","max-video-preview":"max-video-preview:-1"},"canonical":"https:\/\/www.argenta-elektronik.com\/wp\/service\/","og_locale":"de_DE","og_type":"article","og_title":"Service &#8211; Argenta Elektronik GmbH","og_description":"Wie aus L\u00f6sungskompetenz und Kundenn\u00e4he individuelle Systeml\u00f6sungen werden. Argenta entwickelt nicht einfach Systeml\u00f6sungen, sondern individuelle ...","og_url":"https:\/\/www.argenta-elektronik.com\/wp\/service\/","og_site_name":"Argenta Elektronik GmbH","article_modified_time":"2024-07-03T13:17:58+00:00","twitter_card":"summary_large_image","twitter_misc":{"Gesch\u00e4tzte Lesezeit":"1\u00a0Minute"},"schema":{"@context":"https:\/\/schema.org","@graph":[{"@type":"WebPage","@id":"https:\/\/www.argenta-elektronik.com\/wp\/service\/","url":"https:\/\/www.argenta-elektronik.com\/wp\/service\/","name":"Service &#8211; Argenta Elektronik GmbH","isPartOf":{"@id":"https:\/\/www.argenta-elektronik.com\/wp\/#website"},"datePublished":"2016-10-13T21:20:23+00:00","dateModified":"2024-07-03T13:17:58+00:00","description":"Wie aus L\u00f6sungskompetenz und Kundenn\u00e4he individuelle Systeml\u00f6sungen werden. Argenta entwickelt nicht einfach Systeml\u00f6sungen, sondern individuelle ...","breadcrumb":{"@id":"https:\/\/www.argenta-elektronik.com\/wp\/service\/#breadcrumb"},"inLanguage":"de","potentialAction":[{"@type":"ReadAction","target":["https:\/\/www.argenta-elektronik.com\/wp\/service\/"]}]},{"@type":"BreadcrumbList","@id":"https:\/\/www.argenta-elektronik.com\/wp\/service\/#breadcrumb","itemListElement":[{"@type":"ListItem","position":1,"name":"Home","item":"https:\/\/www.argenta-elektronik.com\/wp\/"},{"@type":"ListItem","position":2,"name":"Service"}]},{"@type":"WebSite","@id":"https:\/\/www.argenta-elektronik.com\/wp\/#website","url":"https:\/\/www.argenta-elektronik.com\/wp\/","name":"Argenta Elektronik","description":"Argenta Elektronik GmbH Solingen - Beste Verbindungen. Steckverbinder. Kabel. Services. L\u00f6sungen.","potentialAction":[{"@type":"SearchAction","target":{"@type":"EntryPoint","urlTemplate":"https:\/\/www.argenta-elektronik.com\/wp\/?s={search_term_string}"},"query-input":"required name=search_term_string"}],"inLanguage":"de"}]}},"_links":{"self":[{"href":"https:\/\/www.argenta-elektronik.com\/wp\/wp-json\/wp\/v2\/pages\/133","targetHints":{"allow":["GET"]}}],"collection":[{"href":"https:\/\/www.argenta-elektronik.com\/wp\/wp-json\/wp\/v2\/pages"}],"about":[{"href":"https:\/\/www.argenta-elektronik.com\/wp\/wp-json\/wp\/v2\/types\/page"}],"author":[{"embeddable":true,"href":"https:\/\/www.argenta-elektronik.com\/wp\/wp-json\/wp\/v2\/users\/1"}],"replies":[{"embeddable":true,"href":"https:\/\/www.argenta-elektronik.com\/wp\/wp-json\/wp\/v2\/comments?post=133"}],"version-history":[{"count":44,"href":"https:\/\/www.argenta-elektronik.com\/wp\/wp-json\/wp\/v2\/pages\/133\/revisions"}],"predecessor-version":[{"id":58470,"href":"https:\/\/www.argenta-elektronik.com\/wp\/wp-json\/wp\/v2\/pages\/133\/revisions\/58470"}],"wp:attachment":[{"href":"https:\/\/www.argenta-elektronik.com\/wp\/wp-json\/wp\/v2\/media?parent=133"}],"curies":[{"name":"wp","href":"https:\/\/api.w.org\/{rel}","templated":true}]}}