{"id":2,"date":"2016-09-08T20:18:03","date_gmt":"2016-09-08T18:18:03","guid":{"rendered":"http:\/\/www.argenta-elektronik.com\/wp\/?page_id=2"},"modified":"2025-04-01T14:42:54","modified_gmt":"2025-04-01T12:42:54","slug":"home","status":"publish","type":"page","link":"https:\/\/www.argenta-elektronik.com\/wp\/","title":{"rendered":"Argenta Elektronik"},"content":{"rendered":"<p>High-Tech-Anwendungen fordern Steck- und Kabelverbindungen, die so multifunktional, zuverl\u00e4ssig, robust und leistungsstark sein m\u00fcssen wie niemals zuvor. Argenta ist auf diese High-End-Produkte spezialisiert. Auch f\u00fcr die Organisation des eigenen Unternehmens gilt dieser Ma\u00dfstab: State-of-the-art-technology steuert Warenwirtschaft und Logistik. Das f\u00fchrt auf direktem Weg zu mehr Effizienz. Die hohe Verf\u00fcgbarkeit der Komponenten und damit verbundene kurze Reaktionszeiten sind garantiert. Argenta stellt sich im Rahmen einer langfristigen Zusammenarbeit gezielt auf den Bedarf seiner Kunden ein. Das st\u00e4rkt die Marktposition der Argenta-Kunden, die ihre Zusagen einhalten, weil sie sich auf Argenta stets verlassen k\u00f6nnen.<\/p>\n<hr \/>\n<p>Im High-End-Segment t\u00e4tig zu sein, bedeutet f\u00fcr Argenta, h\u00f6chste Anspr\u00fcche an die eigene Leistungsf\u00e4higkeit zu stellen und sie jeden Tag zu erf\u00fcllen.<\/p>\n","protected":false},"excerpt":{"rendered":"<p>Warum es ein Wettbewerbsvorteil ist, nicht nur besser, sondern schneller besser zu sein.<\/p>\n","protected":false},"author":1,"featured_media":0,"parent":0,"menu_order":5,"comment_status":"closed","ping_status":"open","template":"page-company.php","meta":{"footnotes":""},"class_list":["post-2","page","type-page","status-publish","hentry"],"yoast_head":"<!-- This site is optimized with the Yoast SEO plugin v22.7 - https:\/\/yoast.com\/wordpress\/plugins\/seo\/ -->\n<title>Argenta Elektronik &#8211; Argenta Elektronik GmbH<\/title>\n<meta name=\"description\" content=\"High-Tech-Anwendungen fordern Steck- und Kabelverbindungen, die so multifunktional, zuverl\u00e4ssig, robust und leistungsstark sein m\u00fcssen wie niemals zuvor. Argenta ist auf diese High-End-Produkte spezialisiert.\" \/>\n<meta name=\"robots\" content=\"index, follow, max-snippet:-1, max-image-preview:large, max-video-preview:-1\" \/>\n<link rel=\"canonical\" href=\"https:\/\/www.argenta-elektronik.com\/wp\/\" \/>\n<meta property=\"og:locale\" content=\"de_DE\" \/>\n<meta property=\"og:type\" content=\"article\" \/>\n<meta property=\"og:title\" content=\"Argenta Elektronik &#8211; Argenta Elektronik GmbH\" \/>\n<meta property=\"og:description\" content=\"High-Tech-Anwendungen fordern Steck- und Kabelverbindungen, die so multifunktional, zuverl\u00e4ssig, robust und leistungsstark sein m\u00fcssen wie niemals zuvor. Argenta ist auf diese High-End-Produkte spezialisiert.\" \/>\n<meta property=\"og:url\" content=\"https:\/\/www.argenta-elektronik.com\/wp\/\" \/>\n<meta property=\"og:site_name\" content=\"Argenta Elektronik GmbH\" \/>\n<meta property=\"article:modified_time\" content=\"2025-04-01T12:42:54+00:00\" \/>\n<meta name=\"twitter:card\" content=\"summary_large_image\" \/>\n<meta name=\"twitter:label1\" content=\"Gesch\u00e4tzte Lesezeit\" \/>\n\t<meta name=\"twitter:data1\" content=\"1\u00a0Minute\" \/>\n<script type=\"application\/ld+json\" class=\"yoast-schema-graph\">{\"@context\":\"https:\/\/schema.org\",\"@graph\":[{\"@type\":\"WebPage\",\"@id\":\"https:\/\/www.argenta-elektronik.com\/wp\/\",\"url\":\"https:\/\/www.argenta-elektronik.com\/wp\/\",\"name\":\"Argenta Elektronik &#8211; Argenta Elektronik GmbH\",\"isPartOf\":{\"@id\":\"https:\/\/www.argenta-elektronik.com\/wp\/#website\"},\"datePublished\":\"2016-09-08T18:18:03+00:00\",\"dateModified\":\"2025-04-01T12:42:54+00:00\",\"description\":\"High-Tech-Anwendungen fordern Steck- und Kabelverbindungen, die so multifunktional, zuverl\u00e4ssig, robust und leistungsstark sein m\u00fcssen wie niemals zuvor. Argenta ist auf diese High-End-Produkte spezialisiert.\",\"breadcrumb\":{\"@id\":\"https:\/\/www.argenta-elektronik.com\/wp\/#breadcrumb\"},\"inLanguage\":\"de\",\"potentialAction\":[{\"@type\":\"ReadAction\",\"target\":[\"https:\/\/www.argenta-elektronik.com\/wp\/\"]}]},{\"@type\":\"BreadcrumbList\",\"@id\":\"https:\/\/www.argenta-elektronik.com\/wp\/#breadcrumb\",\"itemListElement\":[{\"@type\":\"ListItem\",\"position\":1,\"name\":\"Home\",\"item\":\"https:\/\/www.argenta-elektronik.com\/wp\/\"},{\"@type\":\"ListItem\",\"position\":2,\"name\":\"Argenta Elektronik\"}]},{\"@type\":\"WebSite\",\"@id\":\"https:\/\/www.argenta-elektronik.com\/wp\/#website\",\"url\":\"https:\/\/www.argenta-elektronik.com\/wp\/\",\"name\":\"Argenta Elektronik\",\"description\":\"Argenta Elektronik GmbH Solingen - Beste Verbindungen. Steckverbinder. Kabel. Services. L\u00f6sungen.\",\"potentialAction\":[{\"@type\":\"SearchAction\",\"target\":{\"@type\":\"EntryPoint\",\"urlTemplate\":\"https:\/\/www.argenta-elektronik.com\/wp\/?s={search_term_string}\"},\"query-input\":\"required name=search_term_string\"}],\"inLanguage\":\"de\"}]}<\/script>\n<!-- \/ Yoast SEO plugin. -->","yoast_head_json":{"title":"Argenta Elektronik &#8211; Argenta Elektronik GmbH","description":"High-Tech-Anwendungen fordern Steck- und Kabelverbindungen, die so multifunktional, zuverl\u00e4ssig, robust und leistungsstark sein m\u00fcssen wie niemals zuvor. Argenta ist auf diese High-End-Produkte spezialisiert.","robots":{"index":"index","follow":"follow","max-snippet":"max-snippet:-1","max-image-preview":"max-image-preview:large","max-video-preview":"max-video-preview:-1"},"canonical":"https:\/\/www.argenta-elektronik.com\/wp\/","og_locale":"de_DE","og_type":"article","og_title":"Argenta Elektronik &#8211; Argenta Elektronik GmbH","og_description":"High-Tech-Anwendungen fordern Steck- und Kabelverbindungen, die so multifunktional, zuverl\u00e4ssig, robust und leistungsstark sein m\u00fcssen wie niemals zuvor. Argenta ist auf diese High-End-Produkte spezialisiert.","og_url":"https:\/\/www.argenta-elektronik.com\/wp\/","og_site_name":"Argenta Elektronik GmbH","article_modified_time":"2025-04-01T12:42:54+00:00","twitter_card":"summary_large_image","twitter_misc":{"Gesch\u00e4tzte Lesezeit":"1\u00a0Minute"},"schema":{"@context":"https:\/\/schema.org","@graph":[{"@type":"WebPage","@id":"https:\/\/www.argenta-elektronik.com\/wp\/","url":"https:\/\/www.argenta-elektronik.com\/wp\/","name":"Argenta Elektronik &#8211; Argenta Elektronik GmbH","isPartOf":{"@id":"https:\/\/www.argenta-elektronik.com\/wp\/#website"},"datePublished":"2016-09-08T18:18:03+00:00","dateModified":"2025-04-01T12:42:54+00:00","description":"High-Tech-Anwendungen fordern Steck- und Kabelverbindungen, die so multifunktional, zuverl\u00e4ssig, robust und leistungsstark sein m\u00fcssen wie niemals zuvor. Argenta ist auf diese High-End-Produkte spezialisiert.","breadcrumb":{"@id":"https:\/\/www.argenta-elektronik.com\/wp\/#breadcrumb"},"inLanguage":"de","potentialAction":[{"@type":"ReadAction","target":["https:\/\/www.argenta-elektronik.com\/wp\/"]}]},{"@type":"BreadcrumbList","@id":"https:\/\/www.argenta-elektronik.com\/wp\/#breadcrumb","itemListElement":[{"@type":"ListItem","position":1,"name":"Home","item":"https:\/\/www.argenta-elektronik.com\/wp\/"},{"@type":"ListItem","position":2,"name":"Argenta Elektronik"}]},{"@type":"WebSite","@id":"https:\/\/www.argenta-elektronik.com\/wp\/#website","url":"https:\/\/www.argenta-elektronik.com\/wp\/","name":"Argenta Elektronik","description":"Argenta Elektronik GmbH Solingen - Beste Verbindungen. Steckverbinder. Kabel. Services. L\u00f6sungen.","potentialAction":[{"@type":"SearchAction","target":{"@type":"EntryPoint","urlTemplate":"https:\/\/www.argenta-elektronik.com\/wp\/?s={search_term_string}"},"query-input":"required name=search_term_string"}],"inLanguage":"de"}]}},"_links":{"self":[{"href":"https:\/\/www.argenta-elektronik.com\/wp\/wp-json\/wp\/v2\/pages\/2","targetHints":{"allow":["GET"]}}],"collection":[{"href":"https:\/\/www.argenta-elektronik.com\/wp\/wp-json\/wp\/v2\/pages"}],"about":[{"href":"https:\/\/www.argenta-elektronik.com\/wp\/wp-json\/wp\/v2\/types\/page"}],"author":[{"embeddable":true,"href":"https:\/\/www.argenta-elektronik.com\/wp\/wp-json\/wp\/v2\/users\/1"}],"replies":[{"embeddable":true,"href":"https:\/\/www.argenta-elektronik.com\/wp\/wp-json\/wp\/v2\/comments?post=2"}],"version-history":[{"count":68,"href":"https:\/\/www.argenta-elektronik.com\/wp\/wp-json\/wp\/v2\/pages\/2\/revisions"}],"predecessor-version":[{"id":58504,"href":"https:\/\/www.argenta-elektronik.com\/wp\/wp-json\/wp\/v2\/pages\/2\/revisions\/58504"}],"wp:attachment":[{"href":"https:\/\/www.argenta-elektronik.com\/wp\/wp-json\/wp\/v2\/media?parent=2"}],"curies":[{"name":"wp","href":"https:\/\/api.w.org\/{rel}","templated":true}]}}