{"id":40,"date":"2016-10-11T13:15:40","date_gmt":"2016-10-11T11:15:40","guid":{"rendered":"http:\/\/www.argenta-elektronik.com\/wp\/?page_id=40"},"modified":"2019-06-19T08:26:25","modified_gmt":"2019-06-19T06:26:25","slug":"distribution","status":"publish","type":"page","link":"https:\/\/www.argenta-elektronik.com\/wp\/distribution\/","title":{"rendered":"Distribution"},"content":{"rendered":"<p>Argenta bietet ein breites Produktprogramm f\u00fcr eine Vielzahl von anspruchsvollen Anwendungen. Sich auf so vielen Kompetenzfeldern bestens auszukennen, erfordert ein professionelles Wissensmanagement, wie es Argenta seit vielen Jahren erfolgreich betreibt. Konkret bedeutet das, Argenta verf\u00fcgt \u00fcber profundes technisches Know-how, das mit jeder neuen Aufgabe w\u00e4chst. Sind speziellere Kenntnisse erforderlich, wird das Wissen der Partner in die eigene Entwicklungsarbeit integriert. Ingenieure aus aller Welt arbeiten zusammen, um innovative L\u00f6sungen zu generieren.<\/p>\n<hr \/>\n<p>So kn\u00fcpft Argenta ein Netzwerk der technischen Intelligenz \u2013 es l\u00e4sst spannende, mitunter sogar vision\u00e4re Entwicklungen Realit\u00e4t werden.<\/p>\n","protected":false},"excerpt":{"rendered":"<p>Argenta Elektronik bietet mit seinem Portfolio ein breites Sortiment an Steckverbindern und Zubeh\u00f6r, vom einfachen Standard-Rund- oder Rechteckstecker bis hin zu hochperformanten, nach Kundenbed\u00fcrfnissen individuell entwickelten High-End-Steckverbindern f\u00fcr extremste Einsatzbereiche.<\/p>\n","protected":false},"author":1,"featured_media":0,"parent":0,"menu_order":11,"comment_status":"closed","ping_status":"closed","template":"page-distribution.php","meta":{"footnotes":""},"class_list":["post-40","page","type-page","status-publish","hentry"],"yoast_head":"<!-- This site is optimized with the Yoast SEO plugin v22.7 - https:\/\/yoast.com\/wordpress\/plugins\/seo\/ -->\n<title>Distribution &#8211; Argenta Elektronik GmbH<\/title>\n<meta name=\"description\" content=\"Argenta bietet ein breites Produktprogramm f\u00fcr eine Vielzahl von anspruchsvollen Anwendungen. Sich auf so vielen Kompetenzfeldern bestens auszukennen, erfordert ein professionelles Wissensmanagement, wie es Argenta seit vielen Jahren erfolgreich betreibt. Konkret bedeutet das, Argenta verf\u00fcgt \u00fcber profundes technisches Know-how, das mit jeder neuen Aufgabe w\u00e4chst.\" \/>\n<meta name=\"robots\" content=\"index, follow, max-snippet:-1, max-image-preview:large, max-video-preview:-1\" \/>\n<link rel=\"canonical\" href=\"https:\/\/www.argenta-elektronik.com\/wp\/\" \/>\n<meta property=\"og:locale\" content=\"de_DE\" \/>\n<meta property=\"og:type\" content=\"article\" \/>\n<meta property=\"og:title\" content=\"Distribution &#8211; Argenta Elektronik GmbH\" \/>\n<meta property=\"og:description\" content=\"Argenta bietet ein breites Produktprogramm f\u00fcr eine Vielzahl von anspruchsvollen Anwendungen. Sich auf so vielen Kompetenzfeldern bestens auszukennen, erfordert ein professionelles Wissensmanagement, wie es Argenta seit vielen Jahren erfolgreich betreibt. Konkret bedeutet das, Argenta verf\u00fcgt \u00fcber profundes technisches Know-how, das mit jeder neuen Aufgabe w\u00e4chst.\" \/>\n<meta property=\"og:url\" content=\"https:\/\/www.argenta-elektronik.com\/wp\/\" \/>\n<meta property=\"og:site_name\" content=\"Argenta Elektronik GmbH\" \/>\n<meta property=\"article:modified_time\" content=\"2019-06-19T06:26:25+00:00\" \/>\n<meta name=\"twitter:card\" content=\"summary_large_image\" \/>\n<script type=\"application\/ld+json\" class=\"yoast-schema-graph\">{\"@context\":\"https:\/\/schema.org\",\"@graph\":[{\"@type\":\"WebPage\",\"@id\":\"https:\/\/www.argenta-elektronik.com\/wp\/\",\"url\":\"https:\/\/www.argenta-elektronik.com\/wp\/\",\"name\":\"Distribution &#8211; Argenta Elektronik GmbH\",\"isPartOf\":{\"@id\":\"https:\/\/www.argenta-elektronik.com\/wp\/#website\"},\"datePublished\":\"2016-10-11T11:15:40+00:00\",\"dateModified\":\"2019-06-19T06:26:25+00:00\",\"description\":\"Argenta bietet ein breites Produktprogramm f\u00fcr eine Vielzahl von anspruchsvollen Anwendungen. Sich auf so vielen Kompetenzfeldern bestens auszukennen, erfordert ein professionelles Wissensmanagement, wie es Argenta seit vielen Jahren erfolgreich betreibt. Konkret bedeutet das, Argenta verf\u00fcgt \u00fcber profundes technisches Know-how, das mit jeder neuen Aufgabe w\u00e4chst.\",\"breadcrumb\":{\"@id\":\"https:\/\/www.argenta-elektronik.com\/wp\/#breadcrumb\"},\"inLanguage\":\"de\",\"potentialAction\":[{\"@type\":\"ReadAction\",\"target\":[\"https:\/\/www.argenta-elektronik.com\/wp\/\"]}]},{\"@type\":\"BreadcrumbList\",\"@id\":\"https:\/\/www.argenta-elektronik.com\/wp\/#breadcrumb\",\"itemListElement\":[{\"@type\":\"ListItem\",\"position\":1,\"name\":\"Home\",\"item\":\"https:\/\/www.argenta-elektronik.com\/wp\/\"},{\"@type\":\"ListItem\",\"position\":2,\"name\":\"Distribution\"}]},{\"@type\":\"WebSite\",\"@id\":\"https:\/\/www.argenta-elektronik.com\/wp\/#website\",\"url\":\"https:\/\/www.argenta-elektronik.com\/wp\/\",\"name\":\"Argenta Elektronik\",\"description\":\"Argenta Elektronik GmbH Solingen - Beste Verbindungen. Steckverbinder. Kabel. Services. L\u00f6sungen.\",\"potentialAction\":[{\"@type\":\"SearchAction\",\"target\":{\"@type\":\"EntryPoint\",\"urlTemplate\":\"https:\/\/www.argenta-elektronik.com\/wp\/?s={search_term_string}\"},\"query-input\":\"required name=search_term_string\"}],\"inLanguage\":\"de\"}]}<\/script>\n<!-- \/ Yoast SEO plugin. -->","yoast_head_json":{"title":"Distribution &#8211; Argenta Elektronik GmbH","description":"Argenta bietet ein breites Produktprogramm f\u00fcr eine Vielzahl von anspruchsvollen Anwendungen. Sich auf so vielen Kompetenzfeldern bestens auszukennen, erfordert ein professionelles Wissensmanagement, wie es Argenta seit vielen Jahren erfolgreich betreibt. Konkret bedeutet das, Argenta verf\u00fcgt \u00fcber profundes technisches Know-how, das mit jeder neuen Aufgabe w\u00e4chst.","robots":{"index":"index","follow":"follow","max-snippet":"max-snippet:-1","max-image-preview":"max-image-preview:large","max-video-preview":"max-video-preview:-1"},"canonical":"https:\/\/www.argenta-elektronik.com\/wp\/","og_locale":"de_DE","og_type":"article","og_title":"Distribution &#8211; Argenta Elektronik GmbH","og_description":"Argenta bietet ein breites Produktprogramm f\u00fcr eine Vielzahl von anspruchsvollen Anwendungen. Sich auf so vielen Kompetenzfeldern bestens auszukennen, erfordert ein professionelles Wissensmanagement, wie es Argenta seit vielen Jahren erfolgreich betreibt. Konkret bedeutet das, Argenta verf\u00fcgt \u00fcber profundes technisches Know-how, das mit jeder neuen Aufgabe w\u00e4chst.","og_url":"https:\/\/www.argenta-elektronik.com\/wp\/","og_site_name":"Argenta Elektronik GmbH","article_modified_time":"2019-06-19T06:26:25+00:00","twitter_card":"summary_large_image","schema":{"@context":"https:\/\/schema.org","@graph":[{"@type":"WebPage","@id":"https:\/\/www.argenta-elektronik.com\/wp\/","url":"https:\/\/www.argenta-elektronik.com\/wp\/","name":"Distribution &#8211; Argenta Elektronik GmbH","isPartOf":{"@id":"https:\/\/www.argenta-elektronik.com\/wp\/#website"},"datePublished":"2016-10-11T11:15:40+00:00","dateModified":"2019-06-19T06:26:25+00:00","description":"Argenta bietet ein breites Produktprogramm f\u00fcr eine Vielzahl von anspruchsvollen Anwendungen. Sich auf so vielen Kompetenzfeldern bestens auszukennen, erfordert ein professionelles Wissensmanagement, wie es Argenta seit vielen Jahren erfolgreich betreibt. Konkret bedeutet das, Argenta verf\u00fcgt \u00fcber profundes technisches Know-how, das mit jeder neuen Aufgabe w\u00e4chst.","breadcrumb":{"@id":"https:\/\/www.argenta-elektronik.com\/wp\/#breadcrumb"},"inLanguage":"de","potentialAction":[{"@type":"ReadAction","target":["https:\/\/www.argenta-elektronik.com\/wp\/"]}]},{"@type":"BreadcrumbList","@id":"https:\/\/www.argenta-elektronik.com\/wp\/#breadcrumb","itemListElement":[{"@type":"ListItem","position":1,"name":"Home","item":"https:\/\/www.argenta-elektronik.com\/wp\/"},{"@type":"ListItem","position":2,"name":"Distribution"}]},{"@type":"WebSite","@id":"https:\/\/www.argenta-elektronik.com\/wp\/#website","url":"https:\/\/www.argenta-elektronik.com\/wp\/","name":"Argenta Elektronik","description":"Argenta Elektronik GmbH Solingen - Beste Verbindungen. Steckverbinder. Kabel. Services. L\u00f6sungen.","potentialAction":[{"@type":"SearchAction","target":{"@type":"EntryPoint","urlTemplate":"https:\/\/www.argenta-elektronik.com\/wp\/?s={search_term_string}"},"query-input":"required name=search_term_string"}],"inLanguage":"de"}]}},"_links":{"self":[{"href":"https:\/\/www.argenta-elektronik.com\/wp\/wp-json\/wp\/v2\/pages\/40","targetHints":{"allow":["GET"]}}],"collection":[{"href":"https:\/\/www.argenta-elektronik.com\/wp\/wp-json\/wp\/v2\/pages"}],"about":[{"href":"https:\/\/www.argenta-elektronik.com\/wp\/wp-json\/wp\/v2\/types\/page"}],"author":[{"embeddable":true,"href":"https:\/\/www.argenta-elektronik.com\/wp\/wp-json\/wp\/v2\/users\/1"}],"replies":[{"embeddable":true,"href":"https:\/\/www.argenta-elektronik.com\/wp\/wp-json\/wp\/v2\/comments?post=40"}],"version-history":[{"count":24,"href":"https:\/\/www.argenta-elektronik.com\/wp\/wp-json\/wp\/v2\/pages\/40\/revisions"}],"predecessor-version":[{"id":2031,"href":"https:\/\/www.argenta-elektronik.com\/wp\/wp-json\/wp\/v2\/pages\/40\/revisions\/2031"}],"wp:attachment":[{"href":"https:\/\/www.argenta-elektronik.com\/wp\/wp-json\/wp\/v2\/media?parent=40"}],"curies":[{"name":"wp","href":"https:\/\/api.w.org\/{rel}","templated":true}]}}